{"id":20,"date":"2023-07-22T15:50:10","date_gmt":"2023-07-22T13:50:10","guid":{"rendered":"https:\/\/angelagomezponce.com\/?page_id=20"},"modified":"2025-10-01T09:17:13","modified_gmt":"2025-10-01T07:17:13","slug":"biografia","status":"publish","type":"page","link":"https:\/\/angelagomezponce.com\/index.php\/biografia\/","title":{"rendered":"Biograf\u00eda"},"content":{"rendered":"\t\t<div data-elementor-type=\"wp-page\" data-elementor-id=\"20\" class=\"elementor elementor-20\" data-elementor-post-type=\"page\">\n\t\t\t\t\t\t\t\t\t<section class=\"elementor-section elementor-top-section elementor-element elementor-element-864e708 elementor-section-boxed elementor-section-height-default elementor-section-height-default\" data-id=\"864e708\" data-element_type=\"section\">\n\t\t\t\t\t\t<div class=\"elementor-container elementor-column-gap-default\">\n\t\t\t\t\t<div class=\"elementor-column elementor-col-100 elementor-top-column elementor-element elementor-element-7ea5a7d\" data-id=\"7ea5a7d\" data-element_type=\"column\">\n\t\t\t<div class=\"elementor-widget-wrap\">\n\t\t\t\t\t\t\t\t\t<\/div>\n\t\t<\/div>\n\t\t\t\t\t\t\t<\/div>\n\t\t<\/section>\n\t\t\t\t<section class=\"elementor-section elementor-top-section elementor-element elementor-element-8d6ddf8 elementor-section-boxed elementor-section-height-default elementor-section-height-default\" data-id=\"8d6ddf8\" data-element_type=\"section\">\n\t\t\t\t\t\t<div class=\"elementor-container elementor-column-gap-default\">\n\t\t\t\t\t<div class=\"elementor-column elementor-col-100 elementor-top-column elementor-element elementor-element-afdd2e9\" data-id=\"afdd2e9\" data-element_type=\"column\">\n\t\t\t<div class=\"elementor-widget-wrap elementor-element-populated\">\n\t\t\t\t\t\t\t\t<div class=\"elementor-element elementor-element-3225da1 elementor-widget elementor-widget-heading\" data-id=\"3225da1\" data-element_type=\"widget\" data-widget_type=\"heading.default\">\n\t\t\t\t<div class=\"elementor-widget-container\">\n\t\t\t<style>\/*! elementor - v3.14.0 - 26-06-2023 *\/\n.elementor-heading-title{padding:0;margin:0;line-height:1}.elementor-widget-heading .elementor-heading-title[class*=elementor-size-]>a{color:inherit;font-size:inherit;line-height:inherit}.elementor-widget-heading .elementor-heading-title.elementor-size-small{font-size:15px}.elementor-widget-heading .elementor-heading-title.elementor-size-medium{font-size:19px}.elementor-widget-heading .elementor-heading-title.elementor-size-large{font-size:29px}.elementor-widget-heading .elementor-heading-title.elementor-size-xl{font-size:39px}.elementor-widget-heading .elementor-heading-title.elementor-size-xxl{font-size:59px}<\/style><h2 class=\"elementor-heading-title elementor-size-medium\">Empec\u00e9 a formarme como profesora de espa\u00f1ol en Inglaterra. Sin embargo, a medida que adquir\u00eda m\u00e1s conocimiento y pr\u00e1ctica, mis objetivos y perspectivas comenzaron a cambiar.<\/h2>\t\t<\/div>\n\t\t\t\t<\/div>\n\t\t\t\t\t<\/div>\n\t\t<\/div>\n\t\t\t\t\t\t\t<\/div>\n\t\t<\/section>\n\t\t\t\t<section class=\"elementor-section elementor-top-section elementor-element elementor-element-2f8f6bb0 elementor-section-boxed elementor-section-height-default elementor-section-height-default\" data-id=\"2f8f6bb0\" data-element_type=\"section\">\n\t\t\t\t\t\t<div class=\"elementor-container elementor-column-gap-default\">\n\t\t\t\t\t<div class=\"elementor-column elementor-col-100 elementor-top-column elementor-element elementor-element-6e46d182\" data-id=\"6e46d182\" data-element_type=\"column\">\n\t\t\t<div class=\"elementor-widget-wrap elementor-element-populated\">\n\t\t\t\t\t\t\t\t<div class=\"elementor-element elementor-element-58a42f82 elementor-widget elementor-widget-text-editor\" data-id=\"58a42f82\" data-element_type=\"widget\" data-widget_type=\"text-editor.default\">\n\t\t\t\t<div class=\"elementor-widget-container\">\n\t\t\t<style>\/*! elementor - v3.14.0 - 26-06-2023 *\/\n.elementor-widget-text-editor.elementor-drop-cap-view-stacked .elementor-drop-cap{background-color:#69727d;color:#fff}.elementor-widget-text-editor.elementor-drop-cap-view-framed .elementor-drop-cap{color:#69727d;border:3px solid;background-color:transparent}.elementor-widget-text-editor:not(.elementor-drop-cap-view-default) .elementor-drop-cap{margin-top:8px}.elementor-widget-text-editor:not(.elementor-drop-cap-view-default) .elementor-drop-cap-letter{width:1em;height:1em}.elementor-widget-text-editor .elementor-drop-cap{float:left;text-align:center;line-height:1;font-size:50px}.elementor-widget-text-editor .elementor-drop-cap-letter{display:inline-block}<\/style>\t\t\t\t<p>&lt;&lt;\u00bfQu\u00e9 factores provocan que tantos profesoras y profesores se sintieran desmotivados y agotados?<br data-start=\"183\" data-end=\"186\" \/>\u00bfPor qu\u00e9 los ni\u00f1os y las ni\u00f1as se aburren en clases que deber\u00edan inspirarles?<br data-start=\"263\" data-end=\"266\" \/>\u00bfQu\u00e9 necesitan realmente los y las estudiantes para aprender con entusiasmo y sentido?&gt;&gt;<\/p>\n<p>Decid\u00ed dejar el programa de PGCE (Postgraduate Certificate in Education) \u2014una de las v\u00edas m\u00e1s habituales para obtener la cualificaci\u00f3n docente junto con el QTS\u2014 y opt\u00e9 por solicitar una beca para cursar un M\u00e1ster en <em data-start=\"300\" data-end=\"323\">Learning and Teaching<\/em> en la Universidad de Birmingham con el objetivo de encontrar respuestas a mis inquietudes.\u00a0<\/p>\n<p>Me concedieron la beca y descubr\u00ed que este ambiente acad\u00e9mico valoraba enormemente el pensamiento cr\u00edtico, la creatividad y la resoluci\u00f3n de problemas<strong style=\"font-style: inherit; background-color: var(--ast-global-color-5); font-family: var( --e-global-typography-cc12e63-font-family ), Sans-serif; letter-spacing: var( --e-global-typography-cc12e63-letter-spacing ); word-spacing: var( --e-global-typography-cc12e63-word-spacing );\">,<\/strong><span style=\"font-style: inherit; font-weight: inherit; background-color: var(--ast-global-color-5); font-family: var( --e-global-typography-cc12e63-font-family ), Sans-serif; letter-spacing: var( --e-global-typography-cc12e63-letter-spacing ); word-spacing: var( --e-global-typography-cc12e63-word-spacing );\"> por encima de la simple memorizaci\u00f3n de contenido.\u00a0\u00a0<\/span><span style=\"font-style: inherit; font-weight: inherit; background-color: var(--ast-global-color-5); font-family: var( --e-global-typography-cc12e63-font-family ), Sans-serif; letter-spacing: var( --e-global-typography-cc12e63-letter-spacing ); word-spacing: var( --e-global-typography-cc12e63-word-spacing );\">Me sent\u00eda profundamente motivada y llena de ilusi\u00f3n.\u00a0<\/span><\/p>\n<p>Y s\u00ed, encontr\u00e9 las respuestas que me impulsaron a iniciar esta b\u00fasqueda.<\/p>\n<p>As\u00ed mismo, profundic\u00e9 en varias investigaciones sobre diferentes enfoques educativos como <strong>Montessori o Waldorf,<\/strong> que han demostrado respetar el proceso de aprendizaje compatible con el cerebro del infante desde hace m\u00e1s de un siglo.<\/p>\n<p>Mi experiencia en el pa\u00eds anglosaj\u00f3n tambi\u00e9n me llev\u00f3 a conocer el <strong>homeschooling,<\/strong> una alternativa educativa respaldada por la literatura cient\u00edfica debido a sus numerosos beneficios. El aprendizaje personalizado, la exploraci\u00f3n de intereses especiales, las relaciones familiares m\u00e1s s\u00f3lidas y las oportunidades de socializaci\u00f3n diversificada son solo algunas de las ventajas que esta opci\u00f3n ofrece.<\/p>\n<p>En la actualidad, los avances de la neurociencia han permitido comprender mejor c\u00f3mo aprende nuestro cerebro y han resaltado la importancia de un enfoque activo y participativo en el proceso de aprendizaje:\u00a0 \u00abel verdadero aprendizaje se produce cuando proyectamos hip\u00f3tesis, generamos ideas y recibimos se\u00f1ales de error que nos permiten corregir nuestro modelo mental\u00bb (Dehaene, S. 2023).<\/p>\n<p>Ahora, soy madre de un ni\u00f1o de cinco a\u00f1os y siento que, junto a su padre, comparto la responsabilidad de preservar su curiosidad innata y su creatividad, as\u00ed como de construir un entorno de empat\u00eda y aceptaci\u00f3n que lo acompa\u00f1e en su desarrollo.<\/p>\n<p>Estoy convencida de que, al reconectar con nuestro instinto natural de aprender y al promover una<strong> educaci\u00f3n centrada en la persona<\/strong><em>,<\/em> estaremos dando pasos significativos hacia un mundo m\u00e1s comprensivo, tolerante y enriquecedor para todos y todas.<\/p>\n<p><!-- \/wp:paragraph --><!-- wp:paragraph --><\/p>\n<p><!-- \/wp:paragraph --><\/p>\t\t\t\t\t\t<\/div>\n\t\t\t\t<\/div>\n\t\t\t\t\t<\/div>\n\t\t<\/div>\n\t\t\t\t\t\t\t<\/div>\n\t\t<\/section>\n\t\t\t\t<section class=\"elementor-section elementor-top-section elementor-element elementor-element-e1bd675 elementor-section-boxed elementor-section-height-default elementor-section-height-default\" data-id=\"e1bd675\" data-element_type=\"section\">\n\t\t\t\t\t\t<div class=\"elementor-container elementor-column-gap-default\">\n\t\t\t\t\t<div class=\"elementor-column elementor-col-100 elementor-top-column elementor-element elementor-element-c3e27f2\" data-id=\"c3e27f2\" data-element_type=\"column\">\n\t\t\t<div class=\"elementor-widget-wrap elementor-element-populated\">\n\t\t\t\t\t\t\t\t<div class=\"elementor-element elementor-element-f320d81 elementor-widget elementor-widget-image\" data-id=\"f320d81\" data-element_type=\"widget\" data-widget_type=\"image.default\">\n\t\t\t\t<div class=\"elementor-widget-container\">\n\t\t\t<style>\/*! elementor - v3.14.0 - 26-06-2023 *\/\n.elementor-widget-image{text-align:center}.elementor-widget-image a{display:inline-block}.elementor-widget-image a img[src$=\".svg\"]{width:48px}.elementor-widget-image img{vertical-align:middle;display:inline-block}<\/style>\t\t\t\t\t\t\t\t\t\t\t\t<img loading=\"lazy\" decoding=\"async\" width=\"900\" height=\"900\" src=\"https:\/\/angelagomezponce.com\/wp-content\/uploads\/2023\/08\/PANA4232_angela_web.jpg\" class=\"attachment-large size-large wp-image-948\" alt=\"\" srcset=\"https:\/\/angelagomezponce.com\/wp-content\/uploads\/2023\/08\/PANA4232_angela_web.jpg 900w, https:\/\/angelagomezponce.com\/wp-content\/uploads\/2023\/08\/PANA4232_angela_web-300x300.jpg 300w, https:\/\/angelagomezponce.com\/wp-content\/uploads\/2023\/08\/PANA4232_angela_web-150x150.jpg 150w, https:\/\/angelagomezponce.com\/wp-content\/uploads\/2023\/08\/PANA4232_angela_web-768x768.jpg 768w\" sizes=\"auto, (max-width: 900px) 100vw, 900px\" \/>\t\t\t\t\t\t\t\t\t\t\t\t\t\t\t<\/div>\n\t\t\t\t<\/div>\n\t\t\t\t\t<\/div>\n\t\t<\/div>\n\t\t\t\t\t\t\t<\/div>\n\t\t<\/section>\n\t\t\t\t<section class=\"elementor-section elementor-top-section elementor-element elementor-element-1604406 elementor-section-boxed elementor-section-height-default elementor-section-height-default\" data-id=\"1604406\" data-element_type=\"section\">\n\t\t\t\t\t\t<div class=\"elementor-container elementor-column-gap-default\">\n\t\t\t\t\t<div class=\"elementor-column elementor-col-100 elementor-top-column elementor-element elementor-element-c3c4fcb\" data-id=\"c3c4fcb\" data-element_type=\"column\">\n\t\t\t<div class=\"elementor-widget-wrap elementor-element-populated\">\n\t\t\t\t\t\t\t\t<div class=\"elementor-element elementor-element-6195ec2 elementor-widget elementor-widget-text-editor\" data-id=\"6195ec2\" data-element_type=\"widget\" data-widget_type=\"text-editor.default\">\n\t\t\t\t<div class=\"elementor-widget-container\">\n\t\t\t\t\t\t\t<p>\u00a0<\/p>\n<p>Bibliograf\u00eda<\/p>\n<ul>\n<li>Dehaene, S. (17 de abril de 2023). Los cuatro pilares del aprendizaje. Apredemos Juntos 2030. Stanislas Dehaene, neurocient\u00edfico. Youtube. <span style=\"text-decoration: underline;\"><a href=\"https:\/\/www.youtube.com\/watch?v=Cj3_ugRRIt8\">https:\/\/www.youtube.com\/watch?v=Cj3_ugRRIt8<\/a><\/span><\/li>\n<\/ul>\n<p>\u00a0<\/p>\t\t\t\t\t\t<\/div>\n\t\t\t\t<\/div>\n\t\t\t\t\t<\/div>\n\t\t<\/div>\n\t\t\t\t\t\t\t<\/div>\n\t\t<\/section>\n\t\t\t\t<section class=\"elementor-section elementor-top-section elementor-element elementor-element-de56a6d elementor-section-boxed elementor-section-height-default elementor-section-height-default\" data-id=\"de56a6d\" data-element_type=\"section\">\n\t\t\t\t\t\t<div class=\"elementor-container elementor-column-gap-default\">\n\t\t\t\t\t<div class=\"elementor-column elementor-col-100 elementor-top-column elementor-element elementor-element-2e704eb\" data-id=\"2e704eb\" data-element_type=\"column\">\n\t\t\t<div class=\"elementor-widget-wrap\">\n\t\t\t\t\t\t\t\t\t<\/div>\n\t\t<\/div>\n\t\t\t\t\t\t\t<\/div>\n\t\t<\/section>\n\t\t\t\t\t\t\t<\/div>\n\t\t","protected":false},"excerpt":{"rendered":"<p>Empec\u00e9 a formarme como profesora de espa\u00f1ol en Inglaterra. Sin embargo, a medida que adquir\u00eda m\u00e1s conocimiento y pr\u00e1ctica, mis objetivos y perspectivas comenzaron a cambiar. &lt;&lt;\u00bfQu\u00e9 factores provocan que tantos profesoras y profesores se sintieran desmotivados y agotados?\u00bfPor qu\u00e9 los ni\u00f1os y las ni\u00f1as se aburren en clases que deber\u00edan inspirarles?\u00bfQu\u00e9 necesitan realmente los &hellip;<\/p>\n<p class=\"read-more\"> <a class=\"\" href=\"https:\/\/angelagomezponce.com\/index.php\/biografia\/\"> <span class=\"screen-reader-text\">Biograf\u00eda<\/span> Leer m\u00e1s &raquo;<\/a><\/p>\n","protected":false},"author":1,"featured_media":0,"parent":0,"menu_order":0,"comment_status":"closed","ping_status":"closed","template":"","meta":{"_monsterinsights_skip_tracking":false,"_monsterinsights_sitenote_active":false,"_monsterinsights_sitenote_note":"","_monsterinsights_sitenote_category":0,"site-sidebar-layout":"default","site-content-layout":"default","ast-global-header-display":"","ast-banner-title-visibility":"","ast-main-header-display":"","ast-hfb-above-header-display":"","ast-hfb-below-header-display":"","ast-hfb-mobile-header-display":"","site-post-title":"","ast-breadcrumbs-content":"","ast-featured-img":"","footer-sml-layout":"","theme-transparent-header-meta":"","adv-header-id-meta":"","stick-header-meta":"","header-above-stick-meta":"","header-main-stick-meta":"","header-below-stick-meta":"","footnotes":""},"class_list":["post-20","page","type-page","status-publish","hentry"],"aioseo_notices":[],"_links":{"self":[{"href":"https:\/\/angelagomezponce.com\/index.php\/wp-json\/wp\/v2\/pages\/20","targetHints":{"allow":["GET"]}}],"collection":[{"href":"https:\/\/angelagomezponce.com\/index.php\/wp-json\/wp\/v2\/pages"}],"about":[{"href":"https:\/\/angelagomezponce.com\/index.php\/wp-json\/wp\/v2\/types\/page"}],"author":[{"embeddable":true,"href":"https:\/\/angelagomezponce.com\/index.php\/wp-json\/wp\/v2\/users\/1"}],"replies":[{"embeddable":true,"href":"https:\/\/angelagomezponce.com\/index.php\/wp-json\/wp\/v2\/comments?post=20"}],"version-history":[{"count":211,"href":"https:\/\/angelagomezponce.com\/index.php\/wp-json\/wp\/v2\/pages\/20\/revisions"}],"predecessor-version":[{"id":2033,"href":"https:\/\/angelagomezponce.com\/index.php\/wp-json\/wp\/v2\/pages\/20\/revisions\/2033"}],"wp:attachment":[{"href":"https:\/\/angelagomezponce.com\/index.php\/wp-json\/wp\/v2\/media?parent=20"}],"curies":[{"name":"wp","href":"https:\/\/api.w.org\/{rel}","templated":true}]}}